{"id":5004,"date":"2023-12-01T11:16:28","date_gmt":"2023-12-01T14:16:28","guid":{"rendered":"https:\/\/aliadosdobem.com.br\/blog\/?page_id=5004"},"modified":"2024-01-07T16:41:54","modified_gmt":"2024-01-07T19:41:54","slug":"quem-somos","status":"publish","type":"page","link":"https:\/\/aliadosdobem.com.br\/blog\/quem-somos\/","title":{"rendered":"Quem Somos"},"content":{"rendered":"\t\t<div data-elementor-type=\"wp-page\" data-elementor-id=\"5004\" class=\"elementor elementor-5004\">\n\t\t\t\t\t\t<section class=\"elementor-section elementor-top-section elementor-element elementor-element-1a3518ca elementor-section-boxed elementor-section-height-default elementor-section-height-default\" data-id=\"1a3518ca\" data-element_type=\"section\" data-e-type=\"section\" data-settings=\"{&quot;background_background&quot;:&quot;classic&quot;}\">\n\t\t\t\t\t\t<div class=\"elementor-container elementor-column-gap-default\">\n\t\t\t\t\t<div class=\"elementor-column elementor-col-50 elementor-top-column elementor-element elementor-element-1be4bad elementor-invisible\" data-id=\"1be4bad\" data-element_type=\"column\" data-e-type=\"column\" data-settings=\"{&quot;animation&quot;:&quot;fadeIn&quot;}\">\n\t\t\t<div class=\"elementor-widget-wrap elementor-element-populated\">\n\t\t\t\t\t\t<div class=\"elementor-element elementor-element-220f0e9 elementor-widget elementor-widget-image\" data-id=\"220f0e9\" data-element_type=\"widget\" data-e-type=\"widget\" data-widget_type=\"image.default\">\n\t\t\t\t<div class=\"elementor-widget-container\">\n\t\t\t\t\t\t\t\t\t\t\t\t\t\t\t<img fetchpriority=\"high\" decoding=\"async\" width=\"300\" height=\"300\" src=\"https:\/\/aliadosdobem.com.br\/blog\/wp-content\/uploads\/2024\/01\/vinheta-2023-gif-atualizada.gif\" class=\"attachment-medium size-medium wp-image-5602\" alt=\"\" \/>\t\t\t\t\t\t\t\t\t\t\t\t\t\t\t<\/div>\n\t\t\t\t<\/div>\n\t\t\t\t\t<\/div>\n\t\t<\/div>\n\t\t\t\t<div class=\"elementor-column elementor-col-50 elementor-top-column elementor-element elementor-element-e77d39b\" data-id=\"e77d39b\" data-element_type=\"column\" data-e-type=\"column\">\n\t\t\t<div class=\"elementor-widget-wrap elementor-element-populated\">\n\t\t\t\t\t\t<div class=\"elementor-element elementor-element-2b64c9d elementor-widget elementor-widget-heading\" data-id=\"2b64c9d\" data-element_type=\"widget\" data-e-type=\"widget\" data-widget_type=\"heading.default\">\n\t\t\t\t<div class=\"elementor-widget-container\">\n\t\t\t\t\t<h2 class=\"elementor-heading-title elementor-size-default\">O Projeto<\/h2>\t\t\t\t<\/div>\n\t\t\t\t<\/div>\n\t\t\t\t<div class=\"elementor-element elementor-element-3b9c5be elementor-widget elementor-widget-text-editor\" data-id=\"3b9c5be\" data-element_type=\"widget\" data-e-type=\"widget\" data-widget_type=\"text-editor.default\">\n\t\t\t\t<div class=\"elementor-widget-container\">\n\t\t\t\t\t\t\t\t\t<p>Este projeto tem a miss\u00e3o de fazer da nossa cl\u00ednica de idosos acamados uma\u00a0<span style=\"font-weight: bolder;\">refer\u00eancia no estado do Rio Grande do Sul<\/span>, com todas as requisi\u00e7\u00f5es atendidas diante das Vigil\u00e2ncias Sanit\u00e1rias Municipal &amp; Estadual, bem como do Minist\u00e9rio P\u00fablico.<\/p><p>Uma resid\u00eancia para at\u00e9 30 idosos acamados, com\u00a0<span style=\"font-weight: bolder;\">cuidados 24 horas por dia<\/span>, atendimento m\u00e9dico e atividades recreativas, deixando os moradores mais ativos e, com isso, melhorando em muito suas condi\u00e7\u00f5es f\u00edsicas e mentais.<\/p><p style=\"margin-bottom: 1.333em;\">Um desses quartos ficar\u00e1 reservado para aqueles que, vindos do hospital e que tenham a necessidade de cuidados especiais, precisando ficar em isolamento por um determinado per\u00edodo de tempo, conforme avalia\u00e7\u00e3o m\u00e9dica.<\/p>\t\t\t\t\t\t\t\t<\/div>\n\t\t\t\t<\/div>\n\t\t\t\t\t<\/div>\n\t\t<\/div>\n\t\t\t\t\t<\/div>\n\t\t<\/section>\n\t\t\t\t<section class=\"elementor-section elementor-top-section elementor-element elementor-element-73e6007 elementor-section-boxed elementor-section-height-default elementor-section-height-default\" data-id=\"73e6007\" data-element_type=\"section\" data-e-type=\"section\" data-settings=\"{&quot;background_background&quot;:&quot;classic&quot;}\">\n\t\t\t\t\t\t<div class=\"elementor-container elementor-column-gap-default\">\n\t\t\t\t\t<div class=\"elementor-column elementor-col-100 elementor-top-column elementor-element elementor-element-c8e7ba0\" data-id=\"c8e7ba0\" data-element_type=\"column\" data-e-type=\"column\">\n\t\t\t<div class=\"elementor-widget-wrap elementor-element-populated\">\n\t\t\t\t\t\t<div class=\"elementor-element elementor-element-739065d3 elementor-widget elementor-widget-text-editor\" data-id=\"739065d3\" data-element_type=\"widget\" data-e-type=\"widget\" data-widget_type=\"text-editor.default\">\n\t\t\t\t<div class=\"elementor-widget-container\">\n\t\t\t\t\t\t\t\t\t<p><span style=\"color: var(--primarycolor); font-family: var(--fontFamily); font-size: var(--fontSize); font-style: var(--fontStyle,inherit); font-weight: var(--fontWeight,normal); letter-spacing: var(--letterSpacing); text-transform: var(--textTransform);\">Nossa associa\u00e7\u00e3o conta com uma <\/span><strong style=\"color: var(--primarycolor); font-family: var(--fontFamily); font-size: var(--fontSize); font-style: var(--fontStyle,inherit); letter-spacing: var(--letterSpacing); text-transform: var(--textTransform);\">equipe multidisciplinar<\/strong><span style=\"color: var(--primarycolor); font-family: var(--fontFamily); font-size: var(--fontSize); font-style: var(--fontStyle,inherit); font-weight: var(--fontWeight,normal); letter-spacing: var(--letterSpacing); text-transform: var(--textTransform);\">: m\u00e9dico, enfermagem, t\u00e9cnicos de enfermagem, nutricionista, cuidadores, fisioterapia, fonoaudiologia, psic\u00f3logo, assistente social, transporte por ambul\u00e2ncia e parcerias com laborat\u00f3rios para exames cl\u00ednicos e de imagens. Tudo para garantir o melhor apoio aos idosos e aos seus familiares, deixando a certeza de que estamos garantindo os direitos e o bem-estar de todos, principalmente daqueles que tanto j\u00e1 nos serviram.<\/span><\/p><p>Cada morador ter\u00e1 sua avalia\u00e7\u00e3o di\u00e1ria e, esta, quinzenalmente, ser\u00e1 entregue a Secretaria Municipal de Sa\u00fade.<\/p><p>Acreditamos que esse nicho de mercado \u00e9 um dos que mais vai crescer devido ao aumento constante da parcela de idosos em nossa popula\u00e7\u00e3o, n\u00fameros que aumentam ano a ano. Um munic\u00edpio que n\u00e3o cuida do seu idoso, n\u00e3o valoriza o seu passado e n\u00e3o est\u00e1 valorizando tamb\u00e9m seu presente e muito menos o seu futuro, pois um dia todos n\u00f3s seremos idosos.<\/p><p>Com esta primeira casa implantada esperamos trazer ao idoso o seu conforto, a sua dignidade social, tentando aproximar ao m\u00e1ximo familiares e moradores, transmitindo ao idoso o carinho e a seguran\u00e7a para que eles tenham a tranquilidade de que n\u00e3o estar\u00e3o sozinhos nessa hora t\u00e3o delicada das suas vidas.<\/p><p>Com estas caracter\u00edsticas e atitude, <strong>certamente alcan\u00e7aremos o<\/strong> <strong>n\u00edvel de excel\u00eancia<\/strong> que planejamos.<\/p><p>A <strong>Associa\u00e7\u00e3o Vanilda Faviero<\/strong> \u00e9 parte integrante do <strong>Grupo ALIADOS DO BEM<\/strong>, cujo trabalho dos seus integrantes vem h\u00e1 mais de 12 anos amparando e ajudando fam\u00edlias nas suas diversas necessidades, envolvendo assist\u00eancia social, jur\u00eddica e nas quest\u00f5es referentes \u00e0 sa\u00fade, incluindo atendimento a domic\u00edlio para tratamento de escaras e curativos.<\/p><p>Nossa sede est\u00e1 instalada em local totalmente reformado ao longo dos \u00faltimos meses para se adaptar e atender a todos os requisitos legais.<\/p><p>O investimento realizado foi de mais de R$ 500 mil reais, incluindo material (foi trocada toda a fia\u00e7\u00e3o el\u00e9trica e refeita toda a parte hidr\u00e1ulica, com a inclus\u00e3o de uma segunda caixa d\u2019\u00e1gua), m\u00e3o de obra, alimenta\u00e7\u00e3o e despesas com taxas diversas, \u00a0transporte, internet, aluguel, \u00e1gua e luz. Al\u00e9m disso, foram necess\u00e1rios os servi\u00e7os de v\u00e1rios profissionais especializados como arquiteto, eletricista, dentre outros.<\/p><p>Em todos os quartos temos pias com \u00e1gua quente, janelas de observa\u00e7\u00e3o. Ser\u00e3o instaladas c\u00e2meras de seguran\u00e7a e observa\u00e7\u00e3o, bem como contamos com projeto tecnol\u00f3gico abrangente, que envolve marketing digital (site e redes sociais), sistemas administrativos e de acompanhamento, tudo para <strong>facilitar o controle das informa\u00e7\u00f5es<\/strong> e seu repasse aos \u00f3rg\u00e3os fiscalizadores, bem como oferecer total transpar\u00eancia aos familiares.<\/p><p>J\u00e1 foram firmadas parcerias com o <strong>Grupo Hospitalar Santa Casa<\/strong> e com o <strong>Asilo Padre Cacique<\/strong> para coopera\u00e7\u00e3o m\u00fatua, tendo <strong>Simone Flores<\/strong> como idealizadora e presidente desta associa\u00e7\u00e3o.<\/p>\t\t\t\t\t\t\t\t<\/div>\n\t\t\t\t<\/div>\n\t\t\t\t\t<\/div>\n\t\t<\/div>\n\t\t\t\t\t<\/div>\n\t\t<\/section>\n\t\t\t\t<section class=\"elementor-section elementor-top-section elementor-element elementor-element-19fe8340 elementor-section-full_width elementor-section-height-default elementor-section-height-default\" data-id=\"19fe8340\" data-element_type=\"section\" data-e-type=\"section\">\n\t\t\t\t\t\t<div class=\"elementor-container elementor-column-gap-default\">\n\t\t\t\t\t<div class=\"elementor-column elementor-col-100 elementor-top-column elementor-element elementor-element-5284fac\" data-id=\"5284fac\" data-element_type=\"column\" data-e-type=\"column\">\n\t\t\t<div class=\"elementor-widget-wrap\">\n\t\t\t\t\t\t\t<\/div>\n\t\t<\/div>\n\t\t\t\t\t<\/div>\n\t\t<\/section>\n\t\t\t\t<section class=\"elementor-section elementor-top-section elementor-element elementor-element-6c0b1e65 elementor-section-boxed elementor-section-height-default elementor-section-height-default\" data-id=\"6c0b1e65\" data-element_type=\"section\" data-e-type=\"section\" data-settings=\"{&quot;background_background&quot;:&quot;classic&quot;}\">\n\t\t\t\t\t\t<div class=\"elementor-container elementor-column-gap-default\">\n\t\t\t\t\t<div class=\"elementor-column elementor-col-33 elementor-top-column elementor-element elementor-element-15bf68ac\" data-id=\"15bf68ac\" data-element_type=\"column\" data-e-type=\"column\">\n\t\t\t<div class=\"elementor-widget-wrap elementor-element-populated\">\n\t\t\t\t\t\t<div class=\"elementor-element elementor-element-47e30653 elementor-position-inline-start elementor-view-default elementor-mobile-position-block-start elementor-widget elementor-widget-icon-box\" data-id=\"47e30653\" data-element_type=\"widget\" data-e-type=\"widget\" data-widget_type=\"icon-box.default\">\n\t\t\t\t<div class=\"elementor-widget-container\">\n\t\t\t\t\t\t\t<div class=\"elementor-icon-box-wrapper\">\n\n\t\t\t\t\t\t<div class=\"elementor-icon-box-icon\">\n\t\t\t\t<a href=\"https:\/\/wa.me\/555121656999\" class=\"elementor-icon\" tabindex=\"-1\" aria-label=\"Telefone\/WhatsApp\">\n\t\t\t\t<svg aria-hidden=\"true\" class=\"e-font-icon-svg e-fab-whatsapp\" viewBox=\"0 0 448 512\" xmlns=\"http:\/\/www.w3.org\/2000\/svg\"><path d=\"M380.9 97.1C339 55.1 283.2 32 223.9 32c-122.4 0-222 99.6-222 222 0 39.1 10.2 77.3 29.6 111L0 480l117.7-30.9c32.4 17.7 68.9 27 106.1 27h.1c122.3 0 224.1-99.6 224.1-222 0-59.3-25.2-115-67.1-157zm-157 341.6c-33.2 0-65.7-8.9-94-25.7l-6.7-4-69.8 18.3L72 359.2l-4.4-7c-18.5-29.4-28.2-63.3-28.2-98.2 0-101.7 82.8-184.5 184.6-184.5 49.3 0 95.6 19.2 130.4 54.1 34.8 34.9 56.2 81.2 56.1 130.5 0 101.8-84.9 184.6-186.6 184.6zm101.2-138.2c-5.5-2.8-32.8-16.2-37.9-18-5.1-1.9-8.8-2.8-12.5 2.8-3.7 5.6-14.3 18-17.6 21.8-3.2 3.7-6.5 4.2-12 1.4-32.6-16.3-54-29.1-75.5-66-5.7-9.8 5.7-9.1 16.3-30.3 1.8-3.7.9-6.9-.5-9.7-1.4-2.8-12.5-30.1-17.1-41.2-4.5-10.8-9.1-9.3-12.5-9.5-3.2-.2-6.9-.2-10.6-.2-3.7 0-9.7 1.4-14.8 6.9-5.1 5.6-19.4 19-19.4 46.3 0 27.3 19.9 53.7 22.6 57.4 2.8 3.7 39.1 59.7 94.8 83.8 35.2 15.2 49 16.5 66.6 13.9 10.7-1.6 32.8-13.4 37.4-26.4 4.6-13 4.6-24.1 3.2-26.4-1.3-2.5-5-3.9-10.5-6.6z\"><\/path><\/svg>\t\t\t\t<\/a>\n\t\t\t<\/div>\n\t\t\t\n\t\t\t\t\t\t<div class=\"elementor-icon-box-content\">\n\n\t\t\t\t\t\t\t\t\t<h3 class=\"elementor-icon-box-title\">\n\t\t\t\t\t\t<a href=\"https:\/\/wa.me\/555121656999\" >\n\t\t\t\t\t\t\tTelefone\/WhatsApp\t\t\t\t\t\t<\/a>\n\t\t\t\t\t<\/h3>\n\t\t\t\t\n\t\t\t\t\t\t\t\t\t<p class=\"elementor-icon-box-description\">\n\t\t\t\t\t\t(51) 2165.6999\t\t\t\t\t<\/p>\n\t\t\t\t\n\t\t\t<\/div>\n\t\t\t\n\t\t<\/div>\n\t\t\t\t\t\t<\/div>\n\t\t\t\t<\/div>\n\t\t\t\t\t<\/div>\n\t\t<\/div>\n\t\t\t\t<div class=\"elementor-column elementor-col-33 elementor-top-column elementor-element elementor-element-53965fcf\" data-id=\"53965fcf\" data-element_type=\"column\" data-e-type=\"column\">\n\t\t\t<div class=\"elementor-widget-wrap elementor-element-populated\">\n\t\t\t\t\t\t<div class=\"elementor-element elementor-element-2ddb39bf elementor-position-inline-start elementor-view-default elementor-mobile-position-block-start elementor-widget elementor-widget-icon-box\" data-id=\"2ddb39bf\" data-element_type=\"widget\" data-e-type=\"widget\" data-widget_type=\"icon-box.default\">\n\t\t\t\t<div class=\"elementor-widget-container\">\n\t\t\t\t\t\t\t<div class=\"elementor-icon-box-wrapper\">\n\n\t\t\t\t\t\t<div class=\"elementor-icon-box-icon\">\n\t\t\t\t<a href=\"mailto:associacaovanildafaviero@gmail.com\" target=\"_blank\" class=\"elementor-icon\" tabindex=\"-1\" aria-label=\"e-Mail\">\n\t\t\t\t<svg aria-hidden=\"true\" class=\"e-font-icon-svg e-far-envelope\" viewBox=\"0 0 512 512\" xmlns=\"http:\/\/www.w3.org\/2000\/svg\"><path d=\"M464 64H48C21.49 64 0 85.49 0 112v288c0 26.51 21.49 48 48 48h416c26.51 0 48-21.49 48-48V112c0-26.51-21.49-48-48-48zm0 48v40.805c-22.422 18.259-58.168 46.651-134.587 106.49-16.841 13.247-50.201 45.072-73.413 44.701-23.208.375-56.579-31.459-73.413-44.701C106.18 199.465 70.425 171.067 48 152.805V112h416zM48 400V214.398c22.914 18.251 55.409 43.862 104.938 82.646 21.857 17.205 60.134 55.186 103.062 54.955 42.717.231 80.509-37.199 103.053-54.947 49.528-38.783 82.032-64.401 104.947-82.653V400H48z\"><\/path><\/svg>\t\t\t\t<\/a>\n\t\t\t<\/div>\n\t\t\t\n\t\t\t\t\t\t<div class=\"elementor-icon-box-content\">\n\n\t\t\t\t\t\t\t\t\t<h3 class=\"elementor-icon-box-title\">\n\t\t\t\t\t\t<a href=\"mailto:associacaovanildafaviero@gmail.com\" target=\"_blank\" >\n\t\t\t\t\t\t\te-Mail\t\t\t\t\t\t<\/a>\n\t\t\t\t\t<\/h3>\n\t\t\t\t\n\t\t\t\t\t\t\t\t\t<p class=\"elementor-icon-box-description\">\n\t\t\t\t\t\tassociacaovanildafaviero@gmail.com\t\t\t\t\t<\/p>\n\t\t\t\t\n\t\t\t<\/div>\n\t\t\t\n\t\t<\/div>\n\t\t\t\t\t\t<\/div>\n\t\t\t\t<\/div>\n\t\t\t\t\t<\/div>\n\t\t<\/div>\n\t\t\t\t<div class=\"elementor-column elementor-col-33 elementor-top-column elementor-element elementor-element-79e830df\" data-id=\"79e830df\" data-element_type=\"column\" data-e-type=\"column\">\n\t\t\t<div class=\"elementor-widget-wrap elementor-element-populated\">\n\t\t\t\t\t\t<div class=\"elementor-element elementor-element-4f28e440 elementor-position-inline-start elementor-view-default elementor-mobile-position-block-start elementor-widget elementor-widget-icon-box\" data-id=\"4f28e440\" data-element_type=\"widget\" data-e-type=\"widget\" data-widget_type=\"icon-box.default\">\n\t\t\t\t<div class=\"elementor-widget-container\">\n\t\t\t\t\t\t\t<div class=\"elementor-icon-box-wrapper\">\n\n\t\t\t\t\t\t<div class=\"elementor-icon-box-icon\">\n\t\t\t\t<a href=\"https:\/\/maps.app.goo.gl\/6ENDn3nvcutW3rAZ9\" target=\"_blank\" class=\"elementor-icon\" tabindex=\"-1\" aria-label=\"Visite-nos em Canoas, RS\">\n\t\t\t\t<svg aria-hidden=\"true\" class=\"e-font-icon-svg e-fas-map-marker-alt\" viewBox=\"0 0 384 512\" xmlns=\"http:\/\/www.w3.org\/2000\/svg\"><path d=\"M172.268 501.67C26.97 291.031 0 269.413 0 192 0 85.961 85.961 0 192 0s192 85.961 192 192c0 77.413-26.97 99.031-172.268 309.67-9.535 13.774-29.93 13.773-39.464 0zM192 272c44.183 0 80-35.817 80-80s-35.817-80-80-80-80 35.817-80 80 35.817 80 80 80z\"><\/path><\/svg>\t\t\t\t<\/a>\n\t\t\t<\/div>\n\t\t\t\n\t\t\t\t\t\t<div class=\"elementor-icon-box-content\">\n\n\t\t\t\t\t\t\t\t\t<h3 class=\"elementor-icon-box-title\">\n\t\t\t\t\t\t<a href=\"https:\/\/maps.app.goo.gl\/6ENDn3nvcutW3rAZ9\" target=\"_blank\" >\n\t\t\t\t\t\t\tVisite-nos em Canoas, RS\t\t\t\t\t\t<\/a>\n\t\t\t\t\t<\/h3>\n\t\t\t\t\n\t\t\t\t\t\t\t\t\t<p class=\"elementor-icon-box-description\">\n\t\t\t\t\t\tVeja localiza\u00e7\u00e3o no mapa\t\t\t\t\t<\/p>\n\t\t\t\t\n\t\t\t<\/div>\n\t\t\t\n\t\t<\/div>\n\t\t\t\t\t\t<\/div>\n\t\t\t\t<\/div>\n\t\t\t\t\t<\/div>\n\t\t<\/div>\n\t\t\t\t\t<\/div>\n\t\t<\/section>\n\t\t\t\t<\/div>\n\t\t","protected":false},"excerpt":{"rendered":"<p>O Projeto Este projeto tem a miss\u00e3o de fazer da nossa cl\u00ednica de idosos acamados uma\u00a0refer\u00eancia no estado do Rio [&hellip;]<\/p>\n","protected":false},"author":1,"featured_media":0,"parent":0,"menu_order":0,"comment_status":"closed","ping_status":"closed","template":"elementor_header_footer","meta":{"footnotes":""},"class_list":["post-5004","page","type-page","status-publish","hentry","rishi-post","no-post-thumbnail"],"rishi__cb_customizer_meta":{"page_title_panel":"","page_title_hero_section":"default","breadcrumbs_single_page":"no","single_page_alignment":"left","single_page_margin":{"desktop":50,"tablet":30,"mobile":30},"page_structure_type":"default-sidebar","f5610d1a80cb9781a5fe0f4878319fa9":"","content_style_source":"inherit","content_style":"box-layout","blog_page_streched_ed":"no","vertical_spacing_source":"inherit","content_area_spacing":"both","single_page_content_background":{"background_type":"color","background_pattern":"type-1","background_image":{"attachment_id":null,"x":0,"y":0},"gradient":"linear-gradient(135deg,rgba(6,147,227,1) 0%,rgb(155,81,224) 100%)","background_repeat":"no-repeat","background_size":"auto","background_attachment":"scroll","patternColor":{"default":{"color":"#e5e7ea"}},"overlayColor":{"default":{"color":"CT_CSS_SKIP_RULE"}},"backgroundColor":{"default":{"color":"var(--paletteColor5)"}}},"single_page_content_boxed_shadow":{"inherit":false,"blur":18,"spread":-6,"v_offset":12,"h_offset":0,"inset":false,"enable":false,"color":{"color":"rgba(34, 56, 101, 0.04)"}},"single_page_boxed_content_spacing":{"desktop":{"top":"40px","bottom":"40px","left":"40px","right":"40px","linked":true},"tablet":{"top":"15px","bottom":"15px","left":"15px","right":"15px","linked":true},"mobile":{"top":"15px","bottom":"15px","left":"15px","right":"15px","linked":true}},"single_page_content_boxed_radius":{"top":"3px","bottom":"3px","left":"3px","right":"3px","linked":true},"2157b3e18f3b24bc7fee25886f6d9f62":"","disable_featured_image":"no","disable_comments":"yes","disable_header":"no","disable_footer":"no"},"_links":{"self":[{"href":"https:\/\/aliadosdobem.com.br\/blog\/wp-json\/wp\/v2\/pages\/5004","targetHints":{"allow":["GET"]}}],"collection":[{"href":"https:\/\/aliadosdobem.com.br\/blog\/wp-json\/wp\/v2\/pages"}],"about":[{"href":"https:\/\/aliadosdobem.com.br\/blog\/wp-json\/wp\/v2\/types\/page"}],"author":[{"embeddable":true,"href":"https:\/\/aliadosdobem.com.br\/blog\/wp-json\/wp\/v2\/users\/1"}],"replies":[{"embeddable":true,"href":"https:\/\/aliadosdobem.com.br\/blog\/wp-json\/wp\/v2\/comments?post=5004"}],"version-history":[{"count":0,"href":"https:\/\/aliadosdobem.com.br\/blog\/wp-json\/wp\/v2\/pages\/5004\/revisions"}],"wp:attachment":[{"href":"https:\/\/aliadosdobem.com.br\/blog\/wp-json\/wp\/v2\/media?parent=5004"}],"curies":[{"name":"wp","href":"https:\/\/api.w.org\/{rel}","templated":true}]}}