{"id":4662,"date":"2022-02-15T07:40:29","date_gmt":"2022-02-15T07:40:29","guid":{"rendered":"https:\/\/aliadosdobem.com.br\/blog\/about\/"},"modified":"2023-12-05T19:28:56","modified_gmt":"2023-12-05T22:28:56","slug":"vanilda-faviero","status":"publish","type":"page","link":"https:\/\/aliadosdobem.com.br\/blog\/vanilda-faviero\/","title":{"rendered":"Vanilda Faviero"},"content":{"rendered":"\t\t<div data-elementor-type=\"wp-page\" data-elementor-id=\"4662\" class=\"elementor elementor-4662\">\n\t\t\t\t\t\t<section class=\"elementor-section elementor-top-section elementor-element elementor-element-98ac35b elementor-section-boxed elementor-section-height-default elementor-section-height-default\" data-id=\"98ac35b\" data-element_type=\"section\" data-e-type=\"section\" data-settings=\"{&quot;background_background&quot;:&quot;classic&quot;}\">\n\t\t\t\t\t\t<div class=\"elementor-container elementor-column-gap-default\">\n\t\t\t\t\t<div class=\"elementor-column elementor-col-50 elementor-top-column elementor-element elementor-element-3d7cb64\" data-id=\"3d7cb64\" data-element_type=\"column\" data-e-type=\"column\">\n\t\t\t<div class=\"elementor-widget-wrap elementor-element-populated\">\n\t\t\t\t\t\t<section class=\"elementor-section elementor-inner-section elementor-element elementor-element-9a72e07 elementor-section-boxed elementor-section-height-default elementor-section-height-default\" data-id=\"9a72e07\" data-element_type=\"section\" data-e-type=\"section\" data-settings=\"{&quot;background_background&quot;:&quot;classic&quot;}\">\n\t\t\t\t\t\t<div class=\"elementor-container elementor-column-gap-default\">\n\t\t\t\t\t<div class=\"elementor-column elementor-col-100 elementor-inner-column elementor-element elementor-element-0714e34\" data-id=\"0714e34\" data-element_type=\"column\" data-e-type=\"column\">\n\t\t\t<div class=\"elementor-widget-wrap\">\n\t\t\t\t\t\t\t<\/div>\n\t\t<\/div>\n\t\t\t\t\t<\/div>\n\t\t<\/section>\n\t\t\t\t<div class=\"elementor-element elementor-element-007de53 elementor-widget elementor-widget-image\" data-id=\"007de53\" data-element_type=\"widget\" data-e-type=\"widget\" data-widget_type=\"image.default\">\n\t\t\t\t<div class=\"elementor-widget-container\">\n\t\t\t\t\t\t\t\t\t\t\t\t\t\t\t<img fetchpriority=\"high\" decoding=\"async\" width=\"598\" height=\"618\" src=\"https:\/\/aliadosdobem.com.br\/blog\/wp-content\/uploads\/2023\/11\/vanilda_faviero-1095698.webp\" class=\"attachment-full size-full wp-image-4912\" alt=\"\" srcset=\"https:\/\/aliadosdobem.com.br\/blog\/wp-content\/uploads\/2023\/11\/vanilda_faviero-1095698.webp 598w, https:\/\/aliadosdobem.com.br\/blog\/wp-content\/uploads\/2023\/11\/vanilda_faviero-1095698-290x300.webp 290w\" sizes=\"(max-width: 598px) 100vw, 598px\" \/>\t\t\t\t\t\t\t\t\t\t\t\t\t\t\t<\/div>\n\t\t\t\t<\/div>\n\t\t\t\t\t<\/div>\n\t\t<\/div>\n\t\t\t\t<div class=\"elementor-column elementor-col-50 elementor-top-column elementor-element elementor-element-5723c4a\" data-id=\"5723c4a\" data-element_type=\"column\" data-e-type=\"column\">\n\t\t\t<div class=\"elementor-widget-wrap elementor-element-populated\">\n\t\t\t\t\t\t<section class=\"elementor-section elementor-inner-section elementor-element elementor-element-ec51537 elementor-section-boxed elementor-section-height-default elementor-section-height-default\" data-id=\"ec51537\" data-element_type=\"section\" data-e-type=\"section\">\n\t\t\t\t\t\t<div class=\"elementor-container elementor-column-gap-default\">\n\t\t\t\t\t<div class=\"elementor-column elementor-col-100 elementor-inner-column elementor-element elementor-element-251a6d3\" data-id=\"251a6d3\" data-element_type=\"column\" data-e-type=\"column\">\n\t\t\t<div class=\"elementor-widget-wrap elementor-element-populated\">\n\t\t\t\t\t\t<div class=\"elementor-element elementor-element-b23b90f elementor-widget elementor-widget-heading\" data-id=\"b23b90f\" data-element_type=\"widget\" data-e-type=\"widget\" data-widget_type=\"heading.default\">\n\t\t\t\t<div class=\"elementor-widget-container\">\n\t\t\t\t\t<h2 class=\"elementor-heading-title elementor-size-default\">Nossa homenagem e nosso respeito<\/h2>\t\t\t\t<\/div>\n\t\t\t\t<\/div>\n\t\t\t\t<div class=\"elementor-element elementor-element-d3aaf48 elementor-widget__width-initial elementor-widget elementor-widget-text-editor\" data-id=\"d3aaf48\" data-element_type=\"widget\" data-e-type=\"widget\" data-widget_type=\"text-editor.default\">\n\t\t\t\t<div class=\"elementor-widget-container\">\n\t\t\t\t\t\t\t\t\t<p>A defici\u00eancia do filho mais novo e as dificuldades decorrentes dela levaram a dona de casa <strong>Lurdes Vanilda Chemello Faviero<\/strong> a propor uma emenda a ent\u00e3o convocada Assembleia Nacional Constituinte de 1988, o inciso V do artigo 203, fruto das 47.477 assinaturas colhidas.<\/p><p>O objetivo era a garantia de um sal\u00e1rio m\u00ednimo de benef\u00edcio mensal \u00e0 pessoa portadora de defici\u00eancia e ao idoso que comprovem n\u00e3o possuir meios de prover a pr\u00f3pria manuten\u00e7\u00e3o ou t\u00ea-la provida por sua fam\u00edlia, sendo hoje usufru\u00eddo por mais de 3 milh\u00f5es de pessoas.<\/p><p>Iniciada em fevereiro de 1987, o Deputado Ulysses Guimar\u00e3es foi respons\u00e1vel por presidir a jun\u00e7\u00e3o das duas casas do legislativo nacional brasileiro para a promulga\u00e7\u00e3o da s\u00e9tima carta magna do Brasil, que incluiria o dispositivo proposto por Vanilda Faviero.<\/p>\t\t\t\t\t\t\t\t<\/div>\n\t\t\t\t<\/div>\n\t\t\t\t\t<\/div>\n\t\t<\/div>\n\t\t\t\t\t<\/div>\n\t\t<\/section>\n\t\t\t\t\t<\/div>\n\t\t<\/div>\n\t\t\t\t\t<\/div>\n\t\t<\/section>\n\t\t\t\t<section class=\"elementor-section elementor-top-section elementor-element elementor-element-472a015 elementor-section-boxed elementor-section-height-default elementor-section-height-default\" data-id=\"472a015\" data-element_type=\"section\" data-e-type=\"section\" data-settings=\"{&quot;background_background&quot;:&quot;classic&quot;}\">\n\t\t\t\t\t\t<div class=\"elementor-container elementor-column-gap-default\">\n\t\t\t\t\t<div class=\"elementor-column elementor-col-50 elementor-top-column elementor-element elementor-element-9a5d417\" data-id=\"9a5d417\" data-element_type=\"column\" data-e-type=\"column\">\n\t\t\t<div class=\"elementor-widget-wrap elementor-element-populated\">\n\t\t\t\t\t\t<section class=\"elementor-section elementor-inner-section elementor-element elementor-element-22e5255 elementor-section-boxed elementor-section-height-default elementor-section-height-default\" data-id=\"22e5255\" data-element_type=\"section\" data-e-type=\"section\">\n\t\t\t\t\t\t<div class=\"elementor-container elementor-column-gap-default\">\n\t\t\t\t\t<div class=\"elementor-column elementor-col-100 elementor-inner-column elementor-element elementor-element-99f5539\" data-id=\"99f5539\" data-element_type=\"column\" data-e-type=\"column\">\n\t\t\t<div class=\"elementor-widget-wrap elementor-element-populated\">\n\t\t\t\t\t\t<div class=\"elementor-element elementor-element-da65d33 elementor-widget__width-initial elementor-widget elementor-widget-text-editor\" data-id=\"da65d33\" data-element_type=\"widget\" data-e-type=\"widget\" data-widget_type=\"text-editor.default\">\n\t\t\t\t<div class=\"elementor-widget-container\">\n\t\t\t\t\t\t\t\t\t<p>Segundo dados da Secretaria Nacional de Promo\u00e7\u00e3o dos Direitos da Pessoa com defici\u00eancia, hoje h\u00e1 mais de 2 milh\u00f5es de pessoas hipossuficientes e 1 milh\u00e3o e setecentos mil idosos. O benef\u00edcio de presta\u00e7\u00e3o continuada \u00e9 a garantia de um sal\u00e1rio m\u00ednimo mensal \u00e0 pessoa portadora de defici\u00eancia e ao idoso que comprovem n\u00e3o possuir meios de prover a pr\u00f3pria manuten\u00e7\u00e3o e nem de t\u00ea-la provida por sua fam\u00edlia.<\/p><p>A lei define a fam\u00edlia como incapaz de prover a manuten\u00e7\u00e3o da pessoa portadora de defici\u00eancia ou idosa aquela cuja renda mensal per capita seja inferior a 1\/4 (um quarto) do sal\u00e1rio m\u00ednimo. Pela Lei 8.742\/93 com o artigo 1\u00ba da Lei 9.720\/98, considera-se idoso quem tiver idade m\u00ednima de 65 anos e deficientes, com parecer do Servi\u00e7o Social e da Per\u00edcia M\u00e9dica, aqueles que t\u00eam impedimentos de longo prazo de natureza f\u00edsica, mental, intelectual ou sensorial que podem obstruir sua participa\u00e7\u00e3o plena e efetiva na sociedade em igualdade de condi\u00e7\u00f5es com as demais pessoas.<\/p>\t\t\t\t\t\t\t\t<\/div>\n\t\t\t\t<\/div>\n\t\t\t\t\t<\/div>\n\t\t<\/div>\n\t\t\t\t\t<\/div>\n\t\t<\/section>\n\t\t\t\t\t<\/div>\n\t\t<\/div>\n\t\t\t\t<div class=\"elementor-column elementor-col-50 elementor-top-column elementor-element elementor-element-7219902\" data-id=\"7219902\" data-element_type=\"column\" data-e-type=\"column\">\n\t\t\t<div class=\"elementor-widget-wrap elementor-element-populated\">\n\t\t\t\t\t\t<div class=\"elementor-element elementor-element-98b2eb1 elementor-widget elementor-widget-image\" data-id=\"98b2eb1\" data-element_type=\"widget\" data-e-type=\"widget\" data-widget_type=\"image.default\">\n\t\t\t\t<div class=\"elementor-widget-container\">\n\t\t\t\t\t\t\t\t\t\t\t\t\t\t\t<img decoding=\"async\" width=\"480\" height=\"360\" src=\"https:\/\/aliadosdobem.com.br\/blog\/wp-content\/uploads\/2023\/12\/site_vanilda_antiga.jpg\" class=\"attachment-full size-full wp-image-5029\" alt=\"\" srcset=\"https:\/\/aliadosdobem.com.br\/blog\/wp-content\/uploads\/2023\/12\/site_vanilda_antiga.jpg 480w, https:\/\/aliadosdobem.com.br\/blog\/wp-content\/uploads\/2023\/12\/site_vanilda_antiga-300x225.jpg 300w\" sizes=\"(max-width: 480px) 100vw, 480px\" \/>\t\t\t\t\t\t\t\t\t\t\t\t\t\t\t<\/div>\n\t\t\t\t<\/div>\n\t\t\t\t<div class=\"elementor-element elementor-element-3e567b4 elementor-align-center elementor-widget elementor-widget-button\" data-id=\"3e567b4\" data-element_type=\"widget\" data-e-type=\"widget\" data-widget_type=\"button.default\">\n\t\t\t\t<div class=\"elementor-widget-container\">\n\t\t\t\t\t\t\t\t\t<div class=\"elementor-button-wrapper\">\n\t\t\t\t\t<a class=\"elementor-button elementor-button-link elementor-size-sm\" href=\"https:\/\/www.youtube.com\/watch?v=7gL4dqlF3i8\" target=\"_blank\">\n\t\t\t\t\t\t<span class=\"elementor-button-content-wrapper\">\n\t\t\t\t\t\t\t\t\t<span class=\"elementor-button-text\">Assista Reportagem de Eliza Maliszewski<\/span>\n\t\t\t\t\t<\/span>\n\t\t\t\t\t<\/a>\n\t\t\t\t<\/div>\n\t\t\t\t\t\t\t\t<\/div>\n\t\t\t\t<\/div>\n\t\t\t\t\t<\/div>\n\t\t<\/div>\n\t\t\t\t\t<\/div>\n\t\t<\/section>\n\t\t\t\t<\/div>\n\t\t","protected":false},"excerpt":{"rendered":"<p>Nossa homenagem e nosso respeito A defici\u00eancia do filho mais novo e as dificuldades decorrentes dela levaram a dona de [&hellip;]<\/p>\n","protected":false},"author":1,"featured_media":0,"parent":0,"menu_order":0,"comment_status":"closed","ping_status":"closed","template":"elementor_header_footer","meta":{"footnotes":""},"class_list":["post-4662","page","type-page","status-publish","hentry","rishi-post","no-post-thumbnail"],"rishi__cb_customizer_meta":{"page_title_panel":"","page_title_hero_section":"default","breadcrumbs_single_page":"no","single_page_alignment":"left","single_page_margin":{"desktop":50,"tablet":30,"mobile":30},"5d0f0282cc49b35f5d8eaddf7f6e533f":"","page_structure_type":"default","90ae45451fb1ca37adc0f167907e5243":"","content_style_source":"inherit","content_style":"box-layout","blog_page_streched_ed":"no","vertical_spacing_source":"custom","content_area_spacing":"none","single_page_content_background":{"background_type":"color","background_pattern":"type-1","background_image":{"attachment_id":null,"x":0,"y":0},"gradient":"linear-gradient(135deg,rgba(6,147,227,1) 0%,rgb(155,81,224) 100%)","background_repeat":"no-repeat","background_size":"auto","background_attachment":"scroll","patternColor":{"default":{"color":"#e5e7ea"}},"overlayColor":{"default":{"color":"CT_CSS_SKIP_RULE"}},"backgroundColor":{"default":{"color":"var(--paletteColor5)"}}},"single_page_content_boxed_shadow":{"inherit":false,"blur":18,"spread":-6,"v_offset":12,"h_offset":0,"inset":false,"enable":false,"color":{"color":"rgba(34, 56, 101, 0.04)"}},"single_page_boxed_content_spacing":{"desktop":{"top":"40px","bottom":"40px","left":"40px","right":"40px","linked":true},"tablet":{"top":"15px","bottom":"15px","left":"15px","right":"15px","linked":true},"mobile":{"top":"15px","bottom":"15px","left":"15px","right":"15px","linked":true},"top":"40px","bottom":"40px","left":"40px","right":"40px","linked":true},"single_page_content_boxed_radius":{"top":"3px","bottom":"3px","left":"3px","right":"3px","linked":true},"9c9b355542b53aa5206e73a024a65f09":"","disable_featured_image":"no","disable_comments":"yes","disable_header":"no","disable_footer":"no","4d5891668b76609bf09ec206564e97f7":"","6d1b2f92faf8f65c1ea189ee2ee8d714":""},"_links":{"self":[{"href":"https:\/\/aliadosdobem.com.br\/blog\/wp-json\/wp\/v2\/pages\/4662","targetHints":{"allow":["GET"]}}],"collection":[{"href":"https:\/\/aliadosdobem.com.br\/blog\/wp-json\/wp\/v2\/pages"}],"about":[{"href":"https:\/\/aliadosdobem.com.br\/blog\/wp-json\/wp\/v2\/types\/page"}],"author":[{"embeddable":true,"href":"https:\/\/aliadosdobem.com.br\/blog\/wp-json\/wp\/v2\/users\/1"}],"replies":[{"embeddable":true,"href":"https:\/\/aliadosdobem.com.br\/blog\/wp-json\/wp\/v2\/comments?post=4662"}],"version-history":[{"count":0,"href":"https:\/\/aliadosdobem.com.br\/blog\/wp-json\/wp\/v2\/pages\/4662\/revisions"}],"wp:attachment":[{"href":"https:\/\/aliadosdobem.com.br\/blog\/wp-json\/wp\/v2\/media?parent=4662"}],"curies":[{"name":"wp","href":"https:\/\/api.w.org\/{rel}","templated":true}]}}